{"id":16,"date":"2023-06-14T21:29:00","date_gmt":"2023-06-14T19:29:00","guid":{"rendered":"https:\/\/www.radd.cm\/?page_id=16"},"modified":"2023-06-27T16:13:51","modified_gmt":"2023-06-27T14:13:51","slug":"qui-sommes-nous","status":"publish","type":"page","link":"https:\/\/www.radd.cm\/index.php\/qui-sommes-nous\/","title":{"rendered":"Qui sommes nous"},"content":{"rendered":"\n<p>Le RADD est une association de droit camerounais cr\u00e9\u00e9e en 2009 sous le r\u00e9c\u00e9piss\u00e9 n\u00b0000223\/RADD\/J06 du 02 Mars 2009. Il nait de la volont\u00e9 des acteurs qui ont voulu p\u00e9renniser les acquis d\u2019un projet de plaidoyer avec Greenpeace sur la protection des for\u00eats. La trentaine d\u2019acteurs \u00e0 l\u2019origine s\u2019\u00e9tait engag\u00e9e \u00e0 continuer \u00e0 \u0153uvrer pour la sauvegarde des for\u00eats et globalement \u00e0 promouvoir le d\u00e9veloppement Durable. Pour ce faire, le RADD s\u2019est fix\u00e9 la mission de contribuer au d\u00e9veloppement socioculturel et \u00e9conomique des communaut\u00e9s, tout en pr\u00e9servant l\u2019environnement.<\/p>\n\n\n\n<h2 class=\"wp-block-heading has-vivid-green-cyan-color has-text-color\"><strong>Missions<\/strong><\/h2>\n\n\n\n<p>Le RADD s\u2019est fix\u00e9 pour mission d\u2019agir et de promouvoir un d\u00e9veloppement durable qui s\u2019enracine sur la valorisation, la gestion durable des ressources disponibles, le respect des droits humains et de l\u2019environnement. Un d\u00e9veloppement qui ne discrimine et n\u2019exclut aucune couche sociale. Quelques principes fondamentaux orientent le RADD dans le choix de ses missions&nbsp;:<\/p>\n\n\n\n<h3 class=\"wp-block-heading has-vivid-green-cyan-color has-base-background-color has-text-color has-background has-large-font-size\" style=\"text-transform:capitalize\"><strong>PRINCIPE 1 : le respect, la protection, la gestion durable ou la sauvegarde de l\u2019environnement&nbsp;<\/strong><\/h3>\n\n\n\n<ul class=\"wp-block-list\">\n<li>sauvegarde et protection de la biodiversit\u00e9&nbsp;; <\/li>\n\n\n\n<li>promotion des actions de reboisement ou de reforestation&nbsp;; <\/li>\n\n\n\n<li>sauvegarde du patrimoine g\u00e9n\u00e9tique africain&nbsp;; <\/li>\n\n\n\n<li>lutte contre les OGM&nbsp;; <\/li>\n\n\n\n<li>promotion de l\u2019agriculture biologique&nbsp;; <\/li>\n\n\n\n<li>promotion de l\u2019agro\u00e9cologie.<\/li>\n<\/ul>\n\n\n\n<h3 class=\"wp-block-heading has-vivid-green-cyan-color has-base-background-color has-text-color has-background has-large-font-size\" style=\"text-transform:capitalize\"><strong>PRINCIPE 2: la promotion d\u2019un d\u00e9veloppement \u00e9conomique, inclusif et durable&nbsp;<\/strong><\/h3>\n\n\n\n<ul class=\"wp-block-list\">\n<li>d\u00e9veloppement des cliniques \u00e9conomiques dans la mise en place et le d\u00e9veloppement des activit\u00e9s g\u00e9n\u00e9ratrices de revenus ou des entreprises&nbsp;; <\/li>\n\n\n\n<li>promotion de la valorisation et de la consommation des produits locaux&nbsp;; <\/li>\n\n\n\n<li>promotion de la s\u00e9curit\u00e9 et de la souverainet\u00e9 alimentaire et nutritionnelle&nbsp;; <\/li>\n\n\n\n<li>lutte pour la d\u00e9fense et le respect des droits \u00e9conomiques et sociaux des plus d\u00e9favoris\u00e9s et particuli\u00e8rement des femmes&nbsp;; <\/li>\n\n\n\n<li>mener des actions concr\u00e8tes contre la faim et la pauvret\u00e9.<\/li>\n<\/ul>\n\n\n\n<h2 class=\"wp-block-heading has-vivid-green-cyan-color has-text-color\" style=\"text-transform:uppercase\"><strong>Objectifs<\/strong><\/h2>\n\n\n\n<p>Le RADD a pour objectifs de promouvoir les initiatives de d\u00e9veloppement durable. A cet effet, il entend&nbsp;: <\/p>\n\n\n\n<ol class=\"wp-block-list\">\n<li>constituer un cadre d\u2019\u00e9tudes approfondies sur les questions du d\u00e9veloppement durable&nbsp;; <\/li>\n\n\n\n<li>cr\u00e9er un cadre d\u2019actions, de concertation et d\u2019\u00e9changes de divers intervenants actifs dans la lutte pour le d\u00e9veloppement durable et la gestion durable des ressources naturelles&nbsp;; <\/li>\n\n\n\n<li>contribuer \u00e0 la recherche des solutions globales au probl\u00e8me du d\u00e9veloppement durable&nbsp;; <\/li>\n\n\n\n<li>renforcer les capacit\u00e9s de tous ceux qui interviennent dans ce domaine&nbsp;; <\/li>\n\n\n\n<li>lutter contre les injustices sociales et \u00e9conomiques qui compromettent la r\u00e9alisation d\u2019un d\u00e9veloppement durable&nbsp;; <\/li>\n\n\n\n<li>mener des actions concr\u00e8tes contre la faim et la pauvret\u00e9.<\/li>\n<\/ol>\n\n\n\n<h2 class=\"wp-block-heading has-vivid-green-cyan-color has-text-color\" style=\"text-transform:uppercase\"><strong>Ressources<\/strong><\/h2>\n\n\n\n<p>Deux types de ressources sont utilis\u00e9es au sein du RADD: <\/p>\n\n\n\n<h3 class=\"wp-block-heading has-vivid-green-cyan-color has-text-color has-large-font-size\"><strong>les ressources humaines<\/strong><\/h3>\n\n\n\n<p>A la base, il s\u2019agit d\u2019un travail construit sur du volontariat. Quand il y a une t\u00e2che \u00e0 faire tous les membres s\u2019impliquent, chacun dans la mesure de ses forces, ses comp\u00e9tences et sa disponibilit\u00e9.<\/p>\n\n\n\n<h3 class=\"wp-block-heading has-vivid-green-cyan-color has-text-color has-large-font-size\"><strong>Les ressources financi\u00e8res<\/strong><\/h3>\n\n\n\n<p>Elles sont issues&nbsp;: <\/p>\n\n\n\n<ol class=\"wp-block-list\">\n<li>des cotisations des membres dont le quota d\u00e9pend du budget annuel arr\u00eat\u00e9&nbsp;; <\/li>\n\n\n\n<li>des revenus des consultations. (Les institutions, les ONG, les associations et les coop\u00e9ratives qui nous sollicitent paient pour les formations des groupes de femmes, la conception des plans d\u2019affaires, les \u00e9tudes diverses et cela permet de maintenir le secr\u00e9taire ex\u00e9cutif)&nbsp;; <\/li>\n\n\n\n<li>des dons et legs (la loi autorise le RADD \u00e0 recevoir des dons et legs)&nbsp;; <\/li>\n\n\n\n<li>des subventions re\u00e7ues des bailleurs de fonds pour le financement des projets.<\/li>\n<\/ol>\n","protected":false},"excerpt":{"rendered":"<p>Le RADD est une association de droit camerounais cr\u00e9\u00e9e en 2009 sous le r\u00e9c\u00e9piss\u00e9 n\u00b0000223\/RADD\/J06 du 02 Mars 2009. Il nait de la volont\u00e9 des acteurs qui ont voulu p\u00e9renniser les acquis d\u2019un projet de plaidoyer avec Greenpeace sur la protection des for\u00eats. La trentaine d\u2019acteurs \u00e0 l\u2019origine s\u2019\u00e9tait engag\u00e9e \u00e0 continuer \u00e0 \u0153uvrer pour [&hellip;]<\/p>\n","protected":false},"author":1,"featured_media":0,"parent":0,"menu_order":0,"comment_status":"closed","ping_status":"closed","template":"","meta":{"footnotes":""},"class_list":["post-16","page","type-page","status-publish","hentry"],"_links":{"self":[{"href":"https:\/\/www.radd.cm\/index.php\/wp-json\/wp\/v2\/pages\/16","targetHints":{"allow":["GET"]}}],"collection":[{"href":"https:\/\/www.radd.cm\/index.php\/wp-json\/wp\/v2\/pages"}],"about":[{"href":"https:\/\/www.radd.cm\/index.php\/wp-json\/wp\/v2\/types\/page"}],"author":[{"embeddable":true,"href":"https:\/\/www.radd.cm\/index.php\/wp-json\/wp\/v2\/users\/1"}],"replies":[{"embeddable":true,"href":"https:\/\/www.radd.cm\/index.php\/wp-json\/wp\/v2\/comments?post=16"}],"version-history":[{"count":11,"href":"https:\/\/www.radd.cm\/index.php\/wp-json\/wp\/v2\/pages\/16\/revisions"}],"predecessor-version":[{"id":443,"href":"https:\/\/www.radd.cm\/index.php\/wp-json\/wp\/v2\/pages\/16\/revisions\/443"}],"wp:attachment":[{"href":"https:\/\/www.radd.cm\/index.php\/wp-json\/wp\/v2\/media?parent=16"}],"curies":[{"name":"wp","href":"https:\/\/api.w.org\/{rel}","templated":true}]}}